{"id":7005,"date":"2025-02-26T16:19:25","date_gmt":"2025-02-26T15:19:25","guid":{"rendered":"https:\/\/veuveambal.iotasolutions.fr\/boutique\/tastevine-blanc-brut\/"},"modified":"2025-05-14T17:12:51","modified_gmt":"2025-05-14T15:12:51","slug":"tastevine-blanc-brut","status":"publish","type":"product","link":"https:\/\/veuveambal.com\/en\/boutique\/tastevine-blanc-brut\/","title":{"rendered":"Tastevin\u00e9 Blanc Brut"},"content":{"rendered":"<p>Our cuv\u00e9e <strong data-start=\"199\" data-end=\"212\">Tastevin\u00e9<\/strong> embodies the excellence of Cr\u00e9mant de Bourgogne as recognized after a blind tasting by the prestigious Confr\u00e9rie des Chevaliers du Tastevin. <span class=\"relative -mx-px my-[-0.2rem] rounded px-px py-[0.2rem]\">This distinction reflects a rigorous selection of the appellation&#8217;s finest representatives, guaranteeing irreproachable quality.<\/span> Tastevin\u00e9 occupies a historic and important place in our range, offering our customers an experience that combines tradition and excellence. Maison Veuve Ambal is the largest contributor to the brotherhood. We have been awarded the title of &#8220;Major&#8221; of tastevinage 7 times.<\/p>\n","protected":false},"excerpt":{"rendered":"<p>Our cuv\u00e9e Tastevin\u00e9 embodies the excellence of Cr\u00e9mant de Bourgogne as recognized after a blind tasting by the prestigious Confr\u00e9rie des Chevaliers du Tastevin. This distinction reflects a rigorous selection of the appellation&#8217;s finest representatives, guaranteeing irreproachable quality. Tastevin\u00e9 occupies a historic and important place in our range, offering our customers an experience that combines &#8230; <a title=\"Tastevin\u00e9 Blanc Brut\" class=\"read-more\" href=\"https:\/\/veuveambal.com\/en\/boutique\/tastevine-blanc-brut\/\" aria-label=\"Read more about Tastevin\u00e9 Blanc Brut\">Read more<\/a><\/p>\n","protected":false},"featured_media":2314,"template":"","meta":{"_acf_changed":false,"wds_primary_categorie-nos-vins":0,"wds_primary_product_brand":0,"wds_primary_product_cat":0},"categorie-nos-vins":[254],"product_brand":[],"product_cat":[227],"product_tag":[],"class_list":{"0":"post-7005","1":"product","2":"type-product","3":"status-publish","4":"has-post-thumbnail","6":"categorie-nos-vins-nos-specialites-en","7":"product_cat-our-wines","9":"first","10":"instock","11":"featured","12":"taxable","13":"shipping-taxable","14":"product-type-simple"},"acf":[],"_links":{"self":[{"href":"https:\/\/veuveambal.com\/en\/wp-json\/wp\/v2\/product\/7005","targetHints":{"allow":["GET"]}}],"collection":[{"href":"https:\/\/veuveambal.com\/en\/wp-json\/wp\/v2\/product"}],"about":[{"href":"https:\/\/veuveambal.com\/en\/wp-json\/wp\/v2\/types\/product"}],"wp:featuredmedia":[{"embeddable":true,"href":"https:\/\/veuveambal.com\/en\/wp-json\/wp\/v2\/media\/2314"}],"wp:attachment":[{"href":"https:\/\/veuveambal.com\/en\/wp-json\/wp\/v2\/media?parent=7005"}],"wp:term":[{"taxonomy":"categorie-nos-vins","embeddable":true,"href":"https:\/\/veuveambal.com\/en\/wp-json\/wp\/v2\/categorie-nos-vins?post=7005"},{"taxonomy":"product_brand","embeddable":true,"href":"https:\/\/veuveambal.com\/en\/wp-json\/wp\/v2\/product_brand?post=7005"},{"taxonomy":"product_cat","embeddable":true,"href":"https:\/\/veuveambal.com\/en\/wp-json\/wp\/v2\/product_cat?post=7005"},{"taxonomy":"product_tag","embeddable":true,"href":"https:\/\/veuveambal.com\/en\/wp-json\/wp\/v2\/product_tag?post=7005"}],"curies":[{"name":"wp","href":"https:\/\/api.w.org\/{rel}","templated":true}]}}