{"id":6967,"date":"2025-01-03T16:23:30","date_gmt":"2025-01-03T15:23:30","guid":{"rendered":"https:\/\/veuveambal.iotasolutions.fr\/boutique\/selection-rose-sec\/"},"modified":"2025-05-15T08:52:50","modified_gmt":"2025-05-15T06:52:50","slug":"selection-rose-sec","status":"publish","type":"product","link":"https:\/\/veuveambal.com\/en\/boutique\/selection-rose-sec\/","title":{"rendered":"Selection Ros\u00e9 Sec"},"content":{"rendered":"<p>Our Cr\u00e9mant de Bourgogne <strong data-start=\"253\" data-end=\"275\">S\u00e9lection Ros\u00e9 Sec<\/strong> offers a gourmet interpretation of ros\u00e9, with a slightly higher dosage than the brut, which underlines the red fruit aromas without weighing them down. This cuv\u00e9e embodies the right balance: accessible and expressive, it&#8217;s for those who love bubbles with bright fruit and subtle sweetness. Ideal for aperitif lunches, convivial moments or summer cuisine where simple, uncompromising pleasure is desired.<\/p>\n","protected":false},"excerpt":{"rendered":"<p>Our Cr\u00e9mant de Bourgogne S\u00e9lection Ros\u00e9 Sec offers a gourmet interpretation of ros\u00e9, with a slightly higher dosage than the brut, which underlines the red fruit aromas without weighing them down. This cuv\u00e9e embodies the right balance: accessible and expressive, it&#8217;s for those who love bubbles with bright fruit and subtle sweetness. Ideal for aperitif &#8230; <a title=\"Selection Ros\u00e9 Sec\" class=\"read-more\" href=\"https:\/\/veuveambal.com\/en\/boutique\/selection-rose-sec\/\" aria-label=\"Read more about Selection Ros\u00e9 Sec\">Read more<\/a><\/p>\n","protected":false},"featured_media":2103,"template":"","meta":{"_acf_changed":false,"wds_primary_categorie-nos-vins":0,"wds_primary_product_brand":0,"wds_primary_product_cat":0},"categorie-nos-vins":[],"product_brand":[],"product_cat":[211],"product_tag":[],"class_list":{"0":"post-6967","1":"product","2":"type-product","3":"status-publish","4":"has-post-thumbnail","6":"product_cat-our-classic-cuvees","8":"first","9":"instock","10":"taxable","11":"shipping-taxable","12":"purchasable","13":"product-type-simple"},"acf":[],"_links":{"self":[{"href":"https:\/\/veuveambal.com\/en\/wp-json\/wp\/v2\/product\/6967","targetHints":{"allow":["GET"]}}],"collection":[{"href":"https:\/\/veuveambal.com\/en\/wp-json\/wp\/v2\/product"}],"about":[{"href":"https:\/\/veuveambal.com\/en\/wp-json\/wp\/v2\/types\/product"}],"wp:featuredmedia":[{"embeddable":true,"href":"https:\/\/veuveambal.com\/en\/wp-json\/wp\/v2\/media\/2103"}],"wp:attachment":[{"href":"https:\/\/veuveambal.com\/en\/wp-json\/wp\/v2\/media?parent=6967"}],"wp:term":[{"taxonomy":"categorie-nos-vins","embeddable":true,"href":"https:\/\/veuveambal.com\/en\/wp-json\/wp\/v2\/categorie-nos-vins?post=6967"},{"taxonomy":"product_brand","embeddable":true,"href":"https:\/\/veuveambal.com\/en\/wp-json\/wp\/v2\/product_brand?post=6967"},{"taxonomy":"product_cat","embeddable":true,"href":"https:\/\/veuveambal.com\/en\/wp-json\/wp\/v2\/product_cat?post=6967"},{"taxonomy":"product_tag","embeddable":true,"href":"https:\/\/veuveambal.com\/en\/wp-json\/wp\/v2\/product_tag?post=6967"}],"curies":[{"name":"wp","href":"https:\/\/api.w.org\/{rel}","templated":true}]}}