{"id":6925,"date":"2025-01-03T16:23:22","date_gmt":"2025-01-03T15:23:22","guid":{"rendered":"https:\/\/veuveambal.iotasolutions.fr\/boutique\/blanc-brut-boise\/"},"modified":"2025-05-15T15:21:34","modified_gmt":"2025-05-15T13:21:34","slug":"blanc-brut-boise","status":"publish","type":"product","link":"https:\/\/veuveambal.com\/en\/boutique\/blanc-brut-boise\/","title":{"rendered":"Blanc Brut Bois\u00e9"},"content":{"rendered":"<p>Our Cr\u00e9mant de Bourgogne Blanc Brut Bois\u00e9 embodies the subtle alliance between the natural freshness of cr\u00e9mant and the elegance of controlled oak. Carefully crafted from noble grape varieties, this cuv\u00e9e reveals an assertive personality, while retaining finesse and balance. It is aimed at lovers of complex bubbles, in search of a cr\u00e9mant with character, both refined and gourmet. Designed for more intense tasting moments, this cuv\u00e9e is the perfect accompaniment to gourmet aperitifs, roast poultry or mature cheeses.   <\/p>\n","protected":false},"excerpt":{"rendered":"<p>Our Cr\u00e9mant de Bourgogne Blanc Brut Bois\u00e9 embodies the subtle alliance between the natural freshness of cr\u00e9mant and the elegance of controlled oak. Carefully crafted from noble grape varieties, this cuv\u00e9e reveals an assertive personality, while retaining finesse and balance. It is aimed at lovers of complex bubbles, in search of a cr\u00e9mant with character, &#8230; <a title=\"Blanc Brut Bois\u00e9\" class=\"read-more\" href=\"https:\/\/veuveambal.com\/en\/boutique\/blanc-brut-boise\/\" aria-label=\"Read more about Blanc Brut Bois\u00e9\">Read more<\/a><\/p>\n","protected":false},"featured_media":2097,"template":"","meta":{"_acf_changed":false,"wds_primary_categorie-nos-vins":0,"wds_primary_product_brand":0,"wds_primary_product_cat":0},"categorie-nos-vins":[],"product_brand":[],"product_cat":[223],"product_tag":[],"class_list":{"0":"post-6925","1":"product","2":"type-product","3":"status-publish","4":"has-post-thumbnail","6":"product_cat-nos-specialites-en","8":"first","9":"instock","10":"taxable","11":"shipping-taxable","12":"purchasable","13":"product-type-simple"},"acf":[],"_links":{"self":[{"href":"https:\/\/veuveambal.com\/en\/wp-json\/wp\/v2\/product\/6925","targetHints":{"allow":["GET"]}}],"collection":[{"href":"https:\/\/veuveambal.com\/en\/wp-json\/wp\/v2\/product"}],"about":[{"href":"https:\/\/veuveambal.com\/en\/wp-json\/wp\/v2\/types\/product"}],"wp:featuredmedia":[{"embeddable":true,"href":"https:\/\/veuveambal.com\/en\/wp-json\/wp\/v2\/media\/2097"}],"wp:attachment":[{"href":"https:\/\/veuveambal.com\/en\/wp-json\/wp\/v2\/media?parent=6925"}],"wp:term":[{"taxonomy":"categorie-nos-vins","embeddable":true,"href":"https:\/\/veuveambal.com\/en\/wp-json\/wp\/v2\/categorie-nos-vins?post=6925"},{"taxonomy":"product_brand","embeddable":true,"href":"https:\/\/veuveambal.com\/en\/wp-json\/wp\/v2\/product_brand?post=6925"},{"taxonomy":"product_cat","embeddable":true,"href":"https:\/\/veuveambal.com\/en\/wp-json\/wp\/v2\/product_cat?post=6925"},{"taxonomy":"product_tag","embeddable":true,"href":"https:\/\/veuveambal.com\/en\/wp-json\/wp\/v2\/product_tag?post=6925"}],"curies":[{"name":"wp","href":"https:\/\/api.w.org\/{rel}","templated":true}]}}