{"id":6919,"date":"2025-01-03T16:23:21","date_gmt":"2025-01-03T15:23:21","guid":{"rendered":"https:\/\/veuveambal.iotasolutions.fr\/boutique\/selection-blanc-de-blancs-brut\/"},"modified":"2025-05-15T09:01:10","modified_gmt":"2025-05-15T07:01:10","slug":"selection-blanc-de-blancs-brut","status":"publish","type":"product","link":"https:\/\/veuveambal.com\/en\/boutique\/selection-blanc-de-blancs-brut\/","title":{"rendered":"S\u00e9lection Blanc de Blancs Brut"},"content":{"rendered":"<p><span class=\"relative -mx-px my-[-0.2rem] rounded px-px py-[0.2rem]\">Our Cr\u00e9mant de Bourgogne <strong data-start=\"27\" data-end=\"61\">S\u00e9lection Blanc de Blancs Brut<\/strong> is made exclusively from white grapes, mainly Chardonnay, with Aligot\u00e9 adding freshness, a pure and elegant expression of Burgundy terroir.<\/span> <span class=\"relative -mx-px my-[-0.2rem] rounded px-px py-[0.2rem]\">In our range, this cuv\u00e9e stands out for its finesse and liveliness, ideal for lovers of refined bubbles.<\/span> <span class=\"relative -mx-px my-[-0.2rem] rounded px-px py-[0.2rem]\">A perfect Cr\u00e9mant for elegant aperitifs, seafood or when you&#8217;re looking for a delicate, distinguished effervescence.<\/span><\/p>\n","protected":false},"excerpt":{"rendered":"<p>Our Cr\u00e9mant de Bourgogne S\u00e9lection Blanc de Blancs Brut is made exclusively from white grapes, mainly Chardonnay, with Aligot\u00e9 adding freshness, a pure and elegant expression of Burgundy terroir. In our range, this cuv\u00e9e stands out for its finesse and liveliness, ideal for lovers of refined bubbles. A perfect Cr\u00e9mant for elegant aperitifs, seafood or &#8230; <a title=\"S\u00e9lection Blanc de Blancs Brut\" class=\"read-more\" href=\"https:\/\/veuveambal.com\/en\/boutique\/selection-blanc-de-blancs-brut\/\" aria-label=\"Read more about S\u00e9lection Blanc de Blancs Brut\">Read more<\/a><\/p>\n","protected":false},"featured_media":2099,"template":"","meta":{"_acf_changed":false,"wds_primary_categorie-nos-vins":0,"wds_primary_product_brand":0,"wds_primary_product_cat":0},"categorie-nos-vins":[],"product_brand":[],"product_cat":[223],"product_tag":[],"class_list":{"0":"post-6919","1":"product","2":"type-product","3":"status-publish","4":"has-post-thumbnail","6":"product_cat-nos-specialites-en","8":"first","9":"instock","10":"taxable","11":"shipping-taxable","12":"purchasable","13":"product-type-simple"},"acf":[],"_links":{"self":[{"href":"https:\/\/veuveambal.com\/en\/wp-json\/wp\/v2\/product\/6919","targetHints":{"allow":["GET"]}}],"collection":[{"href":"https:\/\/veuveambal.com\/en\/wp-json\/wp\/v2\/product"}],"about":[{"href":"https:\/\/veuveambal.com\/en\/wp-json\/wp\/v2\/types\/product"}],"wp:featuredmedia":[{"embeddable":true,"href":"https:\/\/veuveambal.com\/en\/wp-json\/wp\/v2\/media\/2099"}],"wp:attachment":[{"href":"https:\/\/veuveambal.com\/en\/wp-json\/wp\/v2\/media?parent=6919"}],"wp:term":[{"taxonomy":"categorie-nos-vins","embeddable":true,"href":"https:\/\/veuveambal.com\/en\/wp-json\/wp\/v2\/categorie-nos-vins?post=6919"},{"taxonomy":"product_brand","embeddable":true,"href":"https:\/\/veuveambal.com\/en\/wp-json\/wp\/v2\/product_brand?post=6919"},{"taxonomy":"product_cat","embeddable":true,"href":"https:\/\/veuveambal.com\/en\/wp-json\/wp\/v2\/product_cat?post=6919"},{"taxonomy":"product_tag","embeddable":true,"href":"https:\/\/veuveambal.com\/en\/wp-json\/wp\/v2\/product_tag?post=6919"}],"curies":[{"name":"wp","href":"https:\/\/api.w.org\/{rel}","templated":true}]}}