{"id":6904,"date":"2025-01-03T16:23:19","date_gmt":"2025-01-03T15:23:19","guid":{"rendered":"https:\/\/veuveambal.iotasolutions.fr\/boutique\/selection-millesime-2020-blanc-brut\/"},"modified":"2025-05-15T09:04:12","modified_gmt":"2025-05-15T07:04:12","slug":"selection-millesime-2020-blanc-brut","status":"publish","type":"product","link":"https:\/\/veuveambal.com\/en\/boutique\/selection-millesime-2020-blanc-brut\/","title":{"rendered":"S\u00e9lection Mill\u00e9sim\u00e9 2020 Blanc Brut"},"content":{"rendered":"<p>Made from a single year&#8217;s harvest, our Cr\u00e9mant de Bourgogne Mill\u00e9sim\u00e9 2020 reflects the finesse of a great vintage, while remaining true to the harmony of the Veuve Ambal style. In our range, it embodies the ambition to express both the house signature and the nuances of a specific vintage. The 2020 is distinguished by its roundness and depth, revealed through long maturation on laths. Designed for curious connoisseurs and fine dining, it is at its best with a bistronomic approach, as an aperitif for lunch or dinner, where the bubbles are the perfect accompaniment to the moment.<\/p>\n","protected":false},"excerpt":{"rendered":"<p>Made from a single year&#8217;s harvest, our Cr\u00e9mant de Bourgogne Mill\u00e9sim\u00e9 2020 reflects the finesse of a great vintage, while remaining true to the harmony of the Veuve Ambal style. In our range, it embodies the ambition to express both the house signature and the nuances of a specific vintage. The 2020 is distinguished by &#8230; <a title=\"S\u00e9lection Mill\u00e9sim\u00e9 2020 Blanc Brut\" class=\"read-more\" href=\"https:\/\/veuveambal.com\/en\/boutique\/selection-millesime-2020-blanc-brut\/\" aria-label=\"Read more about S\u00e9lection Mill\u00e9sim\u00e9 2020 Blanc Brut\">Read more<\/a><\/p>\n","protected":false},"featured_media":5893,"template":"","meta":{"_acf_changed":false,"wds_primary_categorie-nos-vins":0,"wds_primary_product_brand":0,"wds_primary_product_cat":0},"categorie-nos-vins":[],"product_brand":[],"product_cat":[223],"product_tag":[],"class_list":{"0":"post-6904","1":"product","2":"type-product","3":"status-publish","4":"has-post-thumbnail","6":"product_cat-nos-specialites-en","8":"first","9":"instock","10":"featured","11":"taxable","12":"shipping-taxable","13":"purchasable","14":"product-type-simple"},"acf":[],"_links":{"self":[{"href":"https:\/\/veuveambal.com\/en\/wp-json\/wp\/v2\/product\/6904","targetHints":{"allow":["GET"]}}],"collection":[{"href":"https:\/\/veuveambal.com\/en\/wp-json\/wp\/v2\/product"}],"about":[{"href":"https:\/\/veuveambal.com\/en\/wp-json\/wp\/v2\/types\/product"}],"wp:featuredmedia":[{"embeddable":true,"href":"https:\/\/veuveambal.com\/en\/wp-json\/wp\/v2\/media\/5893"}],"wp:attachment":[{"href":"https:\/\/veuveambal.com\/en\/wp-json\/wp\/v2\/media?parent=6904"}],"wp:term":[{"taxonomy":"categorie-nos-vins","embeddable":true,"href":"https:\/\/veuveambal.com\/en\/wp-json\/wp\/v2\/categorie-nos-vins?post=6904"},{"taxonomy":"product_brand","embeddable":true,"href":"https:\/\/veuveambal.com\/en\/wp-json\/wp\/v2\/product_brand?post=6904"},{"taxonomy":"product_cat","embeddable":true,"href":"https:\/\/veuveambal.com\/en\/wp-json\/wp\/v2\/product_cat?post=6904"},{"taxonomy":"product_tag","embeddable":true,"href":"https:\/\/veuveambal.com\/en\/wp-json\/wp\/v2\/product_tag?post=6904"}],"curies":[{"name":"wp","href":"https:\/\/api.w.org\/{rel}","templated":true}]}}