{"id":6816,"date":"2025-01-03T16:23:19","date_gmt":"2025-01-03T15:23:19","guid":{"rendered":"https:\/\/veuveambal.iotasolutions.fr\/boutique\/cuvee-excellence-blanc-brut\/"},"modified":"2025-05-15T09:01:52","modified_gmt":"2025-05-15T07:01:52","slug":"cuvee-excellence-blanc-brut","status":"publish","type":"product","link":"https:\/\/veuveambal.com\/en\/boutique\/cuvee-excellence-blanc-brut\/","title":{"rendered":"Cuv\u00e9e Excellence Blanc Brut"},"content":{"rendered":"<p>Our Cr\u00e9mant de Bourgogne Cuv\u00e9e Excellence Brut embodies the harmony of Pinot Noir, Chardonnay and a touch of Gamay. Its brilliant gold color reveals a subtle nose of pear, citrus and buttery nuances, while the palate displays persistent aromas of hazelnut and Viennese pastry. Aged for 18 months on laths, this brut develops an effervescence of rare finesse, reflecting traditional know-how. Ideal as an aperitif, served chilled at 7-8\u00b0C, it expresses all the elegance of Burgundy&#8217;s great terroirs. A racy cuv\u00e9e where the complexity of the first presses meets the freshness of emblematic grape varieties.<\/p>\n","protected":false},"excerpt":{"rendered":"<p>Our Cr\u00e9mant de Bourgogne Cuv\u00e9e Excellence Brut embodies the harmony of Pinot Noir, Chardonnay and a touch of Gamay. Its brilliant gold color reveals a subtle nose of pear, citrus and buttery nuances, while the palate displays persistent aromas of hazelnut and Viennese pastry. Aged for 18 months on laths, this brut develops an effervescence &#8230; <a title=\"Cuv\u00e9e Excellence Blanc Brut\" class=\"read-more\" href=\"https:\/\/veuveambal.com\/en\/boutique\/cuvee-excellence-blanc-brut\/\" aria-label=\"Read more about Cuv\u00e9e Excellence Blanc Brut\">Read more<\/a><\/p>\n","protected":false},"featured_media":2091,"template":"","meta":{"_acf_changed":false,"wds_primary_categorie-nos-vins":0,"wds_primary_product_brand":0,"wds_primary_product_cat":0},"categorie-nos-vins":[251],"product_brand":[],"product_cat":[227],"product_tag":[],"class_list":{"0":"post-6816","1":"product","2":"type-product","3":"status-publish","4":"has-post-thumbnail","6":"categorie-nos-vins-cuvees-prestiges-en","7":"product_cat-our-wines","9":"first","10":"instock","11":"taxable","12":"shipping-taxable","13":"product-type-simple"},"acf":[],"_links":{"self":[{"href":"https:\/\/veuveambal.com\/en\/wp-json\/wp\/v2\/product\/6816","targetHints":{"allow":["GET"]}}],"collection":[{"href":"https:\/\/veuveambal.com\/en\/wp-json\/wp\/v2\/product"}],"about":[{"href":"https:\/\/veuveambal.com\/en\/wp-json\/wp\/v2\/types\/product"}],"wp:featuredmedia":[{"embeddable":true,"href":"https:\/\/veuveambal.com\/en\/wp-json\/wp\/v2\/media\/2091"}],"wp:attachment":[{"href":"https:\/\/veuveambal.com\/en\/wp-json\/wp\/v2\/media?parent=6816"}],"wp:term":[{"taxonomy":"categorie-nos-vins","embeddable":true,"href":"https:\/\/veuveambal.com\/en\/wp-json\/wp\/v2\/categorie-nos-vins?post=6816"},{"taxonomy":"product_brand","embeddable":true,"href":"https:\/\/veuveambal.com\/en\/wp-json\/wp\/v2\/product_brand?post=6816"},{"taxonomy":"product_cat","embeddable":true,"href":"https:\/\/veuveambal.com\/en\/wp-json\/wp\/v2\/product_cat?post=6816"},{"taxonomy":"product_tag","embeddable":true,"href":"https:\/\/veuveambal.com\/en\/wp-json\/wp\/v2\/product_tag?post=6816"}],"curies":[{"name":"wp","href":"https:\/\/api.w.org\/{rel}","templated":true}]}}