{"id":6730,"date":"2025-01-03T16:23:19","date_gmt":"2025-01-03T15:23:19","guid":{"rendered":"https:\/\/veuveambal.iotasolutions.fr\/boutique\/cuvee-marie-ambal-blanc-brut\/"},"modified":"2025-05-15T09:02:27","modified_gmt":"2025-05-15T07:02:27","slug":"cuvee-marie-ambal-blanc-brut","status":"publish","type":"product","link":"https:\/\/veuveambal.com\/en\/boutique\/cuvee-marie-ambal-blanc-brut\/","title":{"rendered":"Cuv\u00e9e Marie Ambal Blanc Brut"},"content":{"rendered":"<p><span class=\"relative -mx-px my-[-0.2rem] rounded-sm px-px py-[0.2rem]\">Cuv\u00e9e Marie Ambal Blanc Brut embodies the pinnacle of our Cr\u00e9mant de Bourgogne art.<\/span> <span class=\"relative -mx-px my-[-0.2rem] rounded-sm px-px py-[0.2rem]\">Named in tribute to our visionary founder, Marie Ambal, this prestigious cuv\u00e9e is the fruit of a rigorous selection of the finest Pinot Noir and Chardonnay grapes.<\/span> <span class=\"relative -mx-px my-[-0.2rem] rounded-sm px-px py-[0.2rem]\">Crafted with meticulous care and aged for over 40 months in our cellars, it reflects our commitment to excellence and our passion for exceptional sparkling wines.<\/span> <span class=\"relative -mx-px my-[-0.2rem] rounded-sm px-px py-[0.2rem]\">Designed for connoisseurs and lovers of refined bubbles, Cuv\u00e9e Marie Ambal is ideal for celebrating the most precious moments and accompanying the most delicate dishes.<\/span><\/p>\n","protected":false},"excerpt":{"rendered":"<p>Cuv\u00e9e Marie Ambal Blanc Brut embodies the pinnacle of our Cr\u00e9mant de Bourgogne art. Named in tribute to our visionary founder, Marie Ambal, this prestigious cuv\u00e9e is the fruit of a rigorous selection of the finest Pinot Noir and Chardonnay grapes. Crafted with meticulous care and aged for over 40 months in our cellars, it &#8230; <a title=\"Cuv\u00e9e Marie Ambal Blanc Brut\" class=\"read-more\" href=\"https:\/\/veuveambal.com\/en\/boutique\/cuvee-marie-ambal-blanc-brut\/\" aria-label=\"Read more about Cuv\u00e9e Marie Ambal Blanc Brut\">Read more<\/a><\/p>\n","protected":false},"featured_media":2085,"template":"","meta":{"_acf_changed":false,"wds_primary_categorie-nos-vins":0,"wds_primary_product_brand":0,"wds_primary_product_cat":0},"categorie-nos-vins":[],"product_brand":[],"product_cat":[214],"product_tag":[],"class_list":{"0":"post-6730","1":"product","2":"type-product","3":"status-publish","4":"has-post-thumbnail","6":"product_cat-cuvees-prestiges-en","8":"first","9":"instock","10":"taxable","11":"shipping-taxable","12":"purchasable","13":"product-type-simple"},"acf":[],"_links":{"self":[{"href":"https:\/\/veuveambal.com\/en\/wp-json\/wp\/v2\/product\/6730","targetHints":{"allow":["GET"]}}],"collection":[{"href":"https:\/\/veuveambal.com\/en\/wp-json\/wp\/v2\/product"}],"about":[{"href":"https:\/\/veuveambal.com\/en\/wp-json\/wp\/v2\/types\/product"}],"wp:featuredmedia":[{"embeddable":true,"href":"https:\/\/veuveambal.com\/en\/wp-json\/wp\/v2\/media\/2085"}],"wp:attachment":[{"href":"https:\/\/veuveambal.com\/en\/wp-json\/wp\/v2\/media?parent=6730"}],"wp:term":[{"taxonomy":"categorie-nos-vins","embeddable":true,"href":"https:\/\/veuveambal.com\/en\/wp-json\/wp\/v2\/categorie-nos-vins?post=6730"},{"taxonomy":"product_brand","embeddable":true,"href":"https:\/\/veuveambal.com\/en\/wp-json\/wp\/v2\/product_brand?post=6730"},{"taxonomy":"product_cat","embeddable":true,"href":"https:\/\/veuveambal.com\/en\/wp-json\/wp\/v2\/product_cat?post=6730"},{"taxonomy":"product_tag","embeddable":true,"href":"https:\/\/veuveambal.com\/en\/wp-json\/wp\/v2\/product_tag?post=6730"}],"curies":[{"name":"wp","href":"https:\/\/api.w.org\/{rel}","templated":true}]}}