{"id":6681,"date":"2025-01-03T16:23:32","date_gmt":"2025-01-03T15:23:32","guid":{"rendered":"https:\/\/veuveambal.iotasolutions.fr\/boutique\/ice-rose-demi-sec\/"},"modified":"2025-05-15T08:51:11","modified_gmt":"2025-05-15T06:51:11","slug":"ice-rose-demi-sec","status":"publish","type":"product","link":"https:\/\/veuveambal.com\/en\/boutique\/ice-rose-demi-sec\/","title":{"rendered":"ICE Ros\u00e9 Demi-sec"},"content":{"rendered":"<p><span class=\"relative -mx-px my-[-0.2rem] rounded-sm px-px py-[0.2rem]\">Dive into a wave of freshness with <strong data-start=\"44\" data-end=\"100\">Veuve Ambal Ice Ros\u00e9 &#8211; Cr\u00e9mant de Bourgogne Demi-Sec<\/strong>, your ideal ally for sunny days by the pool.<\/span> <span class=\"relative -mx-px my-[-0.2rem] rounded-sm px-px py-[0.2rem]\">Designed to be enjoyed over ice, this cr\u00e9mant ros\u00e9 brings a touch of fun and elegance to your summer relaxation. So get the deckchairs ready, break out the sunglasses and let Veuve Ambal Ice Ros\u00e9 transform every moment into a sparkling celebration of summer. <\/span><\/p>\n","protected":false},"excerpt":{"rendered":"<p>Dive into a wave of freshness with Veuve Ambal Ice Ros\u00e9 &#8211; Cr\u00e9mant de Bourgogne Demi-Sec, your ideal ally for sunny days by the pool. Designed to be enjoyed over ice, this cr\u00e9mant ros\u00e9 brings a touch of fun and elegance to your summer relaxation. So get the deckchairs ready, break out the sunglasses and &#8230; <a title=\"ICE Ros\u00e9 Demi-sec\" class=\"read-more\" href=\"https:\/\/veuveambal.com\/en\/boutique\/ice-rose-demi-sec\/\" aria-label=\"Read more about ICE Ros\u00e9 Demi-sec\">Read more<\/a><\/p>\n","protected":false},"featured_media":2069,"template":"","meta":{"_acf_changed":false,"wds_primary_categorie-nos-vins":0,"wds_primary_product_brand":0,"wds_primary_product_cat":0},"categorie-nos-vins":[254],"product_brand":[],"product_cat":[223,227],"product_tag":[],"class_list":{"0":"post-6681","1":"product","2":"type-product","3":"status-publish","4":"has-post-thumbnail","6":"categorie-nos-vins-nos-specialites-en","7":"product_cat-nos-specialites-en","8":"product_cat-our-wines","10":"first","11":"instock","12":"taxable","13":"shipping-taxable","14":"purchasable","15":"product-type-simple"},"acf":[],"_links":{"self":[{"href":"https:\/\/veuveambal.com\/en\/wp-json\/wp\/v2\/product\/6681","targetHints":{"allow":["GET"]}}],"collection":[{"href":"https:\/\/veuveambal.com\/en\/wp-json\/wp\/v2\/product"}],"about":[{"href":"https:\/\/veuveambal.com\/en\/wp-json\/wp\/v2\/types\/product"}],"wp:featuredmedia":[{"embeddable":true,"href":"https:\/\/veuveambal.com\/en\/wp-json\/wp\/v2\/media\/2069"}],"wp:attachment":[{"href":"https:\/\/veuveambal.com\/en\/wp-json\/wp\/v2\/media?parent=6681"}],"wp:term":[{"taxonomy":"categorie-nos-vins","embeddable":true,"href":"https:\/\/veuveambal.com\/en\/wp-json\/wp\/v2\/categorie-nos-vins?post=6681"},{"taxonomy":"product_brand","embeddable":true,"href":"https:\/\/veuveambal.com\/en\/wp-json\/wp\/v2\/product_brand?post=6681"},{"taxonomy":"product_cat","embeddable":true,"href":"https:\/\/veuveambal.com\/en\/wp-json\/wp\/v2\/product_cat?post=6681"},{"taxonomy":"product_tag","embeddable":true,"href":"https:\/\/veuveambal.com\/en\/wp-json\/wp\/v2\/product_tag?post=6681"}],"curies":[{"name":"wp","href":"https:\/\/api.w.org\/{rel}","templated":true}]}}