{"id":6677,"date":"2025-01-03T16:23:18","date_gmt":"2025-01-03T15:23:18","guid":{"rendered":"https:\/\/veuveambal.iotasolutions.fr\/boutique\/grande-cuvee-rose-brut\/"},"modified":"2025-05-15T15:19:50","modified_gmt":"2025-05-15T13:19:50","slug":"grande-cuvee-rose-brut","status":"publish","type":"product","link":"https:\/\/veuveambal.com\/en\/boutique\/grande-cuvee-rose-brut\/","title":{"rendered":"Grande Cuv\u00e9e Ros\u00e9 Brut"},"content":{"rendered":"<p>Our Cr\u00e9mant de Bourgogne <strong data-start=\"278\" data-end=\"301\">Grande Cuv\u00e9e Brut Ros\u00e9<\/strong> is a well-balanced, fruity and accessible cuv\u00e9e, designed to embody the gourmandise of ros\u00e9 without excess. In our range, it offers a fresh, crisp profile, ideal for those looking for a ros\u00e9 with character, both lively and convivial. A Cr\u00e9mant de Bourgogne Ros\u00e9 to be shared on any occasion, around a relaxed aperitif or a simple, tasty meal.  <\/p>\n","protected":false},"excerpt":{"rendered":"<p>Our Cr\u00e9mant de Bourgogne Grande Cuv\u00e9e Brut Ros\u00e9 is a well-balanced, fruity and accessible cuv\u00e9e, designed to embody the gourmandise of ros\u00e9 without excess. In our range, it offers a fresh, crisp profile, ideal for those looking for a ros\u00e9 with character, both lively and convivial. A Cr\u00e9mant de Bourgogne Ros\u00e9 to be shared on &#8230; <a title=\"Grande Cuv\u00e9e Ros\u00e9 Brut\" class=\"read-more\" href=\"https:\/\/veuveambal.com\/en\/boutique\/grande-cuvee-rose-brut\/\" aria-label=\"Read more about Grande Cuv\u00e9e Ros\u00e9 Brut\">Read more<\/a><\/p>\n","protected":false},"featured_media":2087,"template":"","meta":{"_acf_changed":false,"wds_primary_categorie-nos-vins":0,"wds_primary_product_brand":0,"wds_primary_product_cat":0},"categorie-nos-vins":[263],"product_brand":[],"product_cat":[227],"product_tag":[],"class_list":{"0":"post-6677","1":"product","2":"type-product","3":"status-publish","4":"has-post-thumbnail","6":"categorie-nos-vins-nos-cuvees-classiques-en","7":"product_cat-our-wines","9":"first","10":"instock","11":"taxable","12":"shipping-taxable","13":"product-type-simple"},"acf":[],"_links":{"self":[{"href":"https:\/\/veuveambal.com\/en\/wp-json\/wp\/v2\/product\/6677","targetHints":{"allow":["GET"]}}],"collection":[{"href":"https:\/\/veuveambal.com\/en\/wp-json\/wp\/v2\/product"}],"about":[{"href":"https:\/\/veuveambal.com\/en\/wp-json\/wp\/v2\/types\/product"}],"wp:featuredmedia":[{"embeddable":true,"href":"https:\/\/veuveambal.com\/en\/wp-json\/wp\/v2\/media\/2087"}],"wp:attachment":[{"href":"https:\/\/veuveambal.com\/en\/wp-json\/wp\/v2\/media?parent=6677"}],"wp:term":[{"taxonomy":"categorie-nos-vins","embeddable":true,"href":"https:\/\/veuveambal.com\/en\/wp-json\/wp\/v2\/categorie-nos-vins?post=6677"},{"taxonomy":"product_brand","embeddable":true,"href":"https:\/\/veuveambal.com\/en\/wp-json\/wp\/v2\/product_brand?post=6677"},{"taxonomy":"product_cat","embeddable":true,"href":"https:\/\/veuveambal.com\/en\/wp-json\/wp\/v2\/product_cat?post=6677"},{"taxonomy":"product_tag","embeddable":true,"href":"https:\/\/veuveambal.com\/en\/wp-json\/wp\/v2\/product_tag?post=6677"}],"curies":[{"name":"wp","href":"https:\/\/api.w.org\/{rel}","templated":true}]}}