{"id":6669,"date":"2025-01-03T16:23:38","date_gmt":"2025-01-03T15:23:38","guid":{"rendered":"https:\/\/veuveambal.iotasolutions.fr\/boutique\/premieres-fleurs-rose-brut\/"},"modified":"2025-06-27T10:53:11","modified_gmt":"2025-06-27T08:53:11","slug":"premieres-fleurs-rose-brut","status":"publish","type":"product","link":"https:\/\/veuveambal.com\/en\/boutique\/premieres-fleurs-rose-brut\/","title":{"rendered":"Premi\u00e8res Fleurs Ros\u00e9 Brut"},"content":{"rendered":"<p>Our Cr\u00e9mant de Bourgogne <strong>Premi\u00e8res Fleurs<\/strong><strong data-start=\"278\" data-end=\"301\"> Brut Ros\u00e9<\/strong> is a well-balanced, fruity and accessible cuv\u00e9e, designed to embody the gourmandise of ros\u00e9 without excess. In our range, it offers a fresh, crisp profile, ideal for those looking for a ros\u00e9 with character, both lively and convivial. A Cr\u00e9mant de Bourgogne Ros\u00e9 to be shared on any occasion, around a relaxed aperitif or a simple, tasty meal.  <\/p>\n","protected":false},"excerpt":{"rendered":"<p>Our Cr\u00e9mant de Bourgogne Premi\u00e8res Fleurs Brut Ros\u00e9 is a well-balanced, fruity and accessible cuv\u00e9e, designed to embody the gourmandise of ros\u00e9 without excess. In our range, it offers a fresh, crisp profile, ideal for those looking for a ros\u00e9 with character, both lively and convivial. A Cr\u00e9mant de Bourgogne Ros\u00e9 to be shared on &#8230; <a title=\"Premi\u00e8res Fleurs Ros\u00e9 Brut\" class=\"read-more\" href=\"https:\/\/veuveambal.com\/en\/boutique\/premieres-fleurs-rose-brut\/\" aria-label=\"Read more about Premi\u00e8res Fleurs Ros\u00e9 Brut\">Read more<\/a><\/p>\n","protected":false},"featured_media":2047,"template":"","meta":{"_acf_changed":false,"wds_primary_categorie-nos-vins":0,"wds_primary_product_brand":0,"wds_primary_product_cat":0},"categorie-nos-vins":[],"product_brand":[],"product_cat":[215],"product_tag":[],"class_list":{"0":"post-6669","1":"product","2":"type-product","3":"status-publish","4":"has-post-thumbnail","6":"product_cat-limited-edition","8":"first","9":"instock","10":"taxable","11":"shipping-taxable","12":"purchasable","13":"product-type-simple"},"acf":[],"_links":{"self":[{"href":"https:\/\/veuveambal.com\/en\/wp-json\/wp\/v2\/product\/6669","targetHints":{"allow":["GET"]}}],"collection":[{"href":"https:\/\/veuveambal.com\/en\/wp-json\/wp\/v2\/product"}],"about":[{"href":"https:\/\/veuveambal.com\/en\/wp-json\/wp\/v2\/types\/product"}],"wp:featuredmedia":[{"embeddable":true,"href":"https:\/\/veuveambal.com\/en\/wp-json\/wp\/v2\/media\/2047"}],"wp:attachment":[{"href":"https:\/\/veuveambal.com\/en\/wp-json\/wp\/v2\/media?parent=6669"}],"wp:term":[{"taxonomy":"categorie-nos-vins","embeddable":true,"href":"https:\/\/veuveambal.com\/en\/wp-json\/wp\/v2\/categorie-nos-vins?post=6669"},{"taxonomy":"product_brand","embeddable":true,"href":"https:\/\/veuveambal.com\/en\/wp-json\/wp\/v2\/product_brand?post=6669"},{"taxonomy":"product_cat","embeddable":true,"href":"https:\/\/veuveambal.com\/en\/wp-json\/wp\/v2\/product_cat?post=6669"},{"taxonomy":"product_tag","embeddable":true,"href":"https:\/\/veuveambal.com\/en\/wp-json\/wp\/v2\/product_tag?post=6669"}],"curies":[{"name":"wp","href":"https:\/\/api.w.org\/{rel}","templated":true}]}}