{"id":6655,"date":"2025-02-27T11:20:13","date_gmt":"2025-02-27T10:20:13","guid":{"rendered":"https:\/\/veuveambal.iotasolutions.fr\/boutique\/millesime-2022-blanc-brut\/"},"modified":"2025-05-14T17:11:19","modified_gmt":"2025-05-14T15:11:19","slug":"millesime-2022-blanc-brut","status":"publish","type":"product","link":"https:\/\/veuveambal.com\/en\/boutique\/millesime-2022-blanc-brut\/","title":{"rendered":"Mill\u00e9sim\u00e9 2022 Blanc Brut"},"content":{"rendered":"<p data-pm-slice=\"1 1 []\">Produced from a single year&#8217;s harvest, our Cr\u00e9mant de Bourgogne Mill\u00e9sim\u00e9 2022 reflects the richness of a sunny vintage, while remaining true to the balance of the Veuve Ambal style. In our range, it embodies the ambition to express both the house signature and the nuances of a specific vintage. 2022 stands out for its tension and structure, revealed through long maturation on laths.<br data-start=\"632\" data-end=\"635\" \/>Designed for curious wine lovers and fine dining, to match the dishes we like to share, for bistronomy, aperitif lunches and dinners.<\/p>\n","protected":false},"excerpt":{"rendered":"<p>Produced from a single year&#8217;s harvest, our Cr\u00e9mant de Bourgogne Mill\u00e9sim\u00e9 2022 reflects the richness of a sunny vintage, while remaining true to the balance of the Veuve Ambal style. In our range, it embodies the ambition to express both the house signature and the nuances of a specific vintage. 2022 stands out for its &#8230; <a title=\"Mill\u00e9sim\u00e9 2022 Blanc Brut\" class=\"read-more\" href=\"https:\/\/veuveambal.com\/en\/boutique\/millesime-2022-blanc-brut\/\" aria-label=\"Read more about Mill\u00e9sim\u00e9 2022 Blanc Brut\">Read more<\/a><\/p>\n","protected":false},"featured_media":4102,"template":"","meta":{"_acf_changed":false,"wds_primary_categorie-nos-vins":0,"wds_primary_product_brand":0,"wds_primary_product_cat":0},"categorie-nos-vins":[254],"product_brand":[],"product_cat":[227],"product_tag":[],"class_list":{"0":"post-6655","1":"product","2":"type-product","3":"status-publish","4":"has-post-thumbnail","6":"categorie-nos-vins-nos-specialites-en","7":"product_cat-our-wines","9":"first","10":"outofstock","11":"featured","12":"taxable","13":"shipping-taxable","14":"product-type-simple"},"acf":[],"_links":{"self":[{"href":"https:\/\/veuveambal.com\/en\/wp-json\/wp\/v2\/product\/6655","targetHints":{"allow":["GET"]}}],"collection":[{"href":"https:\/\/veuveambal.com\/en\/wp-json\/wp\/v2\/product"}],"about":[{"href":"https:\/\/veuveambal.com\/en\/wp-json\/wp\/v2\/types\/product"}],"wp:featuredmedia":[{"embeddable":true,"href":"https:\/\/veuveambal.com\/en\/wp-json\/wp\/v2\/media\/4102"}],"wp:attachment":[{"href":"https:\/\/veuveambal.com\/en\/wp-json\/wp\/v2\/media?parent=6655"}],"wp:term":[{"taxonomy":"categorie-nos-vins","embeddable":true,"href":"https:\/\/veuveambal.com\/en\/wp-json\/wp\/v2\/categorie-nos-vins?post=6655"},{"taxonomy":"product_brand","embeddable":true,"href":"https:\/\/veuveambal.com\/en\/wp-json\/wp\/v2\/product_brand?post=6655"},{"taxonomy":"product_cat","embeddable":true,"href":"https:\/\/veuveambal.com\/en\/wp-json\/wp\/v2\/product_cat?post=6655"},{"taxonomy":"product_tag","embeddable":true,"href":"https:\/\/veuveambal.com\/en\/wp-json\/wp\/v2\/product_tag?post=6655"}],"curies":[{"name":"wp","href":"https:\/\/api.w.org\/{rel}","templated":true}]}}