{"id":6625,"date":"2025-04-17T09:20:54","date_gmt":"2025-04-17T07:20:54","guid":{"rendered":"https:\/\/veuveambal.iotasolutions.fr\/boutique\/grande-cuvee-gold-edition-rose-brut\/"},"modified":"2025-06-27T11:14:24","modified_gmt":"2025-06-27T09:14:24","slug":"grande-cuvee-gold-edition-rose-brut","status":"publish","type":"product","link":"https:\/\/veuveambal.com\/en\/boutique\/grande-cuvee-gold-edition-rose-brut\/","title":{"rendered":"Grande Cuv\u00e9e &#8211; Gold Edition Ros\u00e9 Brut"},"content":{"rendered":"<p>Our Cr\u00e9mant de Bourgogne \u00c9dition Gold Ros\u00e9 Brut is a well-balanced, fruity and approachable cuv\u00e9e, designed to offer all the deliciousness of ros\u00e9 without overdoing it. In our range, it stands out for its fresh, crisp profile, perfect for those who love ros\u00e9s with character, both lively and warm. With its bright, festive and elegant pink packaging, this limited edition is a natural choice for end-of-year tables. A Cr\u00e9mant de Bourgogne Ros\u00e9 to open on any occasion, as an aperitif or with a simple meal.   <\/p>\n","protected":false},"excerpt":{"rendered":"<p>Our Cr\u00e9mant de Bourgogne \u00c9dition Gold Ros\u00e9 Brut is a well-balanced, fruity and approachable cuv\u00e9e, designed to offer all the deliciousness of ros\u00e9 without overdoing it. In our range, it stands out for its fresh, crisp profile, perfect for those who love ros\u00e9s with character, both lively and warm. With its bright, festive and elegant &#8230; <a title=\"Grande Cuv\u00e9e &#8211; Gold Edition Ros\u00e9 Brut\" class=\"read-more\" href=\"https:\/\/veuveambal.com\/en\/boutique\/grande-cuvee-gold-edition-rose-brut\/\" aria-label=\"Read more about Grande Cuv\u00e9e &#8211; Gold Edition Ros\u00e9 Brut\">Read more<\/a><\/p>\n","protected":false},"featured_media":5944,"template":"","meta":{"_acf_changed":false,"wds_primary_categorie-nos-vins":0,"wds_primary_product_brand":0,"wds_primary_product_cat":0},"categorie-nos-vins":[260],"product_brand":[],"product_cat":[215,227],"product_tag":[],"class_list":{"0":"post-6625","1":"product","2":"type-product","3":"status-publish","4":"has-post-thumbnail","6":"categorie-nos-vins-edition-limitee-en","7":"product_cat-limited-edition","8":"product_cat-our-wines","10":"first","11":"outofstock","12":"taxable","13":"shipping-taxable","14":"purchasable","15":"product-type-simple"},"acf":[],"_links":{"self":[{"href":"https:\/\/veuveambal.com\/en\/wp-json\/wp\/v2\/product\/6625","targetHints":{"allow":["GET"]}}],"collection":[{"href":"https:\/\/veuveambal.com\/en\/wp-json\/wp\/v2\/product"}],"about":[{"href":"https:\/\/veuveambal.com\/en\/wp-json\/wp\/v2\/types\/product"}],"wp:featuredmedia":[{"embeddable":true,"href":"https:\/\/veuveambal.com\/en\/wp-json\/wp\/v2\/media\/5944"}],"wp:attachment":[{"href":"https:\/\/veuveambal.com\/en\/wp-json\/wp\/v2\/media?parent=6625"}],"wp:term":[{"taxonomy":"categorie-nos-vins","embeddable":true,"href":"https:\/\/veuveambal.com\/en\/wp-json\/wp\/v2\/categorie-nos-vins?post=6625"},{"taxonomy":"product_brand","embeddable":true,"href":"https:\/\/veuveambal.com\/en\/wp-json\/wp\/v2\/product_brand?post=6625"},{"taxonomy":"product_cat","embeddable":true,"href":"https:\/\/veuveambal.com\/en\/wp-json\/wp\/v2\/product_cat?post=6625"},{"taxonomy":"product_tag","embeddable":true,"href":"https:\/\/veuveambal.com\/en\/wp-json\/wp\/v2\/product_tag?post=6625"}],"curies":[{"name":"wp","href":"https:\/\/api.w.org\/{rel}","templated":true}]}}