{"id":6606,"date":"2025-03-26T17:26:59","date_gmt":"2025-03-26T16:26:59","guid":{"rendered":"https:\/\/veuveambal.iotasolutions.fr\/boutique\/cuvee-excellence-rose-brut\/"},"modified":"2025-05-14T17:09:34","modified_gmt":"2025-05-14T15:09:34","slug":"cuvee-excellence-rose-brut","status":"publish","type":"product","link":"https:\/\/veuveambal.com\/en\/boutique\/cuvee-excellence-rose-brut\/","title":{"rendered":"Cuv\u00e9e Excellence Ros\u00e9 Brut"},"content":{"rendered":"<p>Our Cuv\u00e9e Excellence Ros\u00e9 Brut is a delicate harmony of Chardonnay, Pinot Noir and Gamay from 25-year-old vines grown on the clay-limestone terroirs of Burgundy. Hand-harvesting and slow pressing of the first presses preserve aromatic purity, while malolactic fermentation in stainless steel vats refines its structure. Aged 24 to 36 months on laths, this cr\u00e9mant develops exceptionally fine bubbles and intense aromas of strawberry and raspberry, enhanced by a fresh, lively finish.<\/p>\n","protected":false},"excerpt":{"rendered":"<p>Our Cuv\u00e9e Excellence Ros\u00e9 Brut is a delicate harmony of Chardonnay, Pinot Noir and Gamay from 25-year-old vines grown on the clay-limestone terroirs of Burgundy. Hand-harvesting and slow pressing of the first presses preserve aromatic purity, while malolactic fermentation in stainless steel vats refines its structure. Aged 24 to 36 months on laths, this cr\u00e9mant &#8230; <a title=\"Cuv\u00e9e Excellence Ros\u00e9 Brut\" class=\"read-more\" href=\"https:\/\/veuveambal.com\/en\/boutique\/cuvee-excellence-rose-brut\/\" aria-label=\"Read more about Cuv\u00e9e Excellence Ros\u00e9 Brut\">Read more<\/a><\/p>\n","protected":false},"featured_media":4116,"template":"","meta":{"_acf_changed":false,"wds_primary_categorie-nos-vins":0,"wds_primary_product_brand":0,"wds_primary_product_cat":0},"categorie-nos-vins":[251],"product_brand":[],"product_cat":[227],"product_tag":[],"class_list":{"0":"post-6606","1":"product","2":"type-product","3":"status-publish","4":"has-post-thumbnail","6":"categorie-nos-vins-cuvees-prestiges-en","7":"product_cat-our-wines","9":"first","10":"instock","11":"featured","12":"taxable","13":"shipping-taxable","14":"product-type-simple"},"acf":[],"_links":{"self":[{"href":"https:\/\/veuveambal.com\/en\/wp-json\/wp\/v2\/product\/6606","targetHints":{"allow":["GET"]}}],"collection":[{"href":"https:\/\/veuveambal.com\/en\/wp-json\/wp\/v2\/product"}],"about":[{"href":"https:\/\/veuveambal.com\/en\/wp-json\/wp\/v2\/types\/product"}],"wp:featuredmedia":[{"embeddable":true,"href":"https:\/\/veuveambal.com\/en\/wp-json\/wp\/v2\/media\/4116"}],"wp:attachment":[{"href":"https:\/\/veuveambal.com\/en\/wp-json\/wp\/v2\/media?parent=6606"}],"wp:term":[{"taxonomy":"categorie-nos-vins","embeddable":true,"href":"https:\/\/veuveambal.com\/en\/wp-json\/wp\/v2\/categorie-nos-vins?post=6606"},{"taxonomy":"product_brand","embeddable":true,"href":"https:\/\/veuveambal.com\/en\/wp-json\/wp\/v2\/product_brand?post=6606"},{"taxonomy":"product_cat","embeddable":true,"href":"https:\/\/veuveambal.com\/en\/wp-json\/wp\/v2\/product_cat?post=6606"},{"taxonomy":"product_tag","embeddable":true,"href":"https:\/\/veuveambal.com\/en\/wp-json\/wp\/v2\/product_tag?post=6606"}],"curies":[{"name":"wp","href":"https:\/\/api.w.org\/{rel}","templated":true}]}}