{"id":6605,"date":"2025-04-02T14:21:40","date_gmt":"2025-04-02T12:21:40","guid":{"rendered":"https:\/\/veuveambal.iotasolutions.fr\/boutique\/selection-rose-brut\/"},"modified":"2025-06-27T11:01:28","modified_gmt":"2025-06-27T09:01:28","slug":"selection-rose-brut","status":"publish","type":"product","link":"https:\/\/veuveambal.com\/en\/boutique\/selection-rose-brut\/","title":{"rendered":"S\u00e9lection Ros\u00e9 Brut"},"content":{"rendered":"<p>Our Cr\u00e9mant de Bourgogne <strong data-start=\"278\" data-end=\"301\">S\u00e9lection Ros\u00e9 Brut <\/strong> is a well-balanced, fruity and accessible cuv\u00e9e, designed to embody the gourmandise of ros\u00e9 without excess. In our range, it offers a fresh, crisp profile, ideal for those looking for a ros\u00e9 with character, both lively and convivial. A Cr\u00e9mant de Bourgogne Ros\u00e9 to share on any occasion, with a relaxed aperitif or a simple, tasty meal.  <\/p>\n","protected":false},"excerpt":{"rendered":"<p>Our Cr\u00e9mant de Bourgogne S\u00e9lection Ros\u00e9 Brut is a well-balanced, fruity and accessible cuv\u00e9e, designed to embody the gourmandise of ros\u00e9 without excess. In our range, it offers a fresh, crisp profile, ideal for those looking for a ros\u00e9 with character, both lively and convivial. A Cr\u00e9mant de Bourgogne Ros\u00e9 to share on any occasion, &#8230; <a title=\"S\u00e9lection Ros\u00e9 Brut\" class=\"read-more\" href=\"https:\/\/veuveambal.com\/en\/boutique\/selection-rose-brut\/\" aria-label=\"Read more about S\u00e9lection Ros\u00e9 Brut\">Read more<\/a><\/p>\n","protected":false},"featured_media":4810,"template":"","meta":{"_acf_changed":false,"wds_primary_categorie-nos-vins":0,"wds_primary_product_brand":0,"wds_primary_product_cat":0},"categorie-nos-vins":[],"product_brand":[],"product_cat":[211],"product_tag":[],"class_list":{"0":"post-6605","1":"product","2":"type-product","3":"status-publish","4":"has-post-thumbnail","6":"product_cat-our-classic-cuvees","8":"first","9":"instock","10":"featured","11":"taxable","12":"shipping-taxable","13":"purchasable","14":"product-type-simple"},"acf":[],"_links":{"self":[{"href":"https:\/\/veuveambal.com\/en\/wp-json\/wp\/v2\/product\/6605","targetHints":{"allow":["GET"]}}],"collection":[{"href":"https:\/\/veuveambal.com\/en\/wp-json\/wp\/v2\/product"}],"about":[{"href":"https:\/\/veuveambal.com\/en\/wp-json\/wp\/v2\/types\/product"}],"wp:featuredmedia":[{"embeddable":true,"href":"https:\/\/veuveambal.com\/en\/wp-json\/wp\/v2\/media\/4810"}],"wp:attachment":[{"href":"https:\/\/veuveambal.com\/en\/wp-json\/wp\/v2\/media?parent=6605"}],"wp:term":[{"taxonomy":"categorie-nos-vins","embeddable":true,"href":"https:\/\/veuveambal.com\/en\/wp-json\/wp\/v2\/categorie-nos-vins?post=6605"},{"taxonomy":"product_brand","embeddable":true,"href":"https:\/\/veuveambal.com\/en\/wp-json\/wp\/v2\/product_brand?post=6605"},{"taxonomy":"product_cat","embeddable":true,"href":"https:\/\/veuveambal.com\/en\/wp-json\/wp\/v2\/product_cat?post=6605"},{"taxonomy":"product_tag","embeddable":true,"href":"https:\/\/veuveambal.com\/en\/wp-json\/wp\/v2\/product_tag?post=6605"}],"curies":[{"name":"wp","href":"https:\/\/api.w.org\/{rel}","templated":true}]}}