{"id":6597,"date":"2025-04-02T16:50:51","date_gmt":"2025-04-02T14:50:51","guid":{"rendered":"https:\/\/veuveambal.iotasolutions.fr\/boutique\/prestige-millesime-2020-blanc-brut\/"},"modified":"2025-06-27T11:03:51","modified_gmt":"2025-06-27T09:03:51","slug":"prestige-millesime-2020-blanc-brut","status":"publish","type":"product","link":"https:\/\/veuveambal.com\/en\/boutique\/prestige-millesime-2020-blanc-brut\/","title":{"rendered":"Prestige Mill\u00e9sim\u00e9 2020 Blanc Brut"},"content":{"rendered":"<div class=\"dad65929\">\n<div class=\"_4f9bf79 d7dc56a8 _43c05b5\">\n<div class=\"ds-markdown ds-markdown--block\">\n<p>Our Cr\u00e9mant de Bourgogne Brut Prestige, Mill\u00e9sim\u00e9 2020 embodies the excellence of an harmonious blend of Chardonnay and Pinot Noir, from 25-year-old vines on clay-limestone terroir, in a magnificent vintage. Its delicate nose reveals notes of pear and citrus, while the palate seduces with aromas of hazelnut and pastries, carried by a refined effervescence. Aged for 18 months on lees, this brut develops exceptional aromatic complexity and fine bubbles. Versatile, it goes well with any dish, revealing a perfect balance between freshness and roundness. An exceptional cuv\u00e9e, the fruit of ancestral know-how and rigorous selection of the first presses, for an elegant tasting experience.    <\/p>\n<\/div>\n<\/div>\n<\/div>\n","protected":false},"excerpt":{"rendered":"<p>Our Cr\u00e9mant de Bourgogne Brut Prestige, Mill\u00e9sim\u00e9 2020 embodies the excellence of an harmonious blend of Chardonnay and Pinot Noir, from 25-year-old vines on clay-limestone terroir, in a magnificent vintage. Its delicate nose reveals notes of pear and citrus, while the palate seduces with aromas of hazelnut and pastries, carried by a refined effervescence. Aged &#8230; <a title=\"Prestige Mill\u00e9sim\u00e9 2020 Blanc Brut\" class=\"read-more\" href=\"https:\/\/veuveambal.com\/en\/boutique\/prestige-millesime-2020-blanc-brut\/\" aria-label=\"Read more about Prestige Mill\u00e9sim\u00e9 2020 Blanc Brut\">Read more<\/a><\/p>\n","protected":false},"featured_media":10915,"template":"","meta":{"_acf_changed":false,"wds_primary_categorie-nos-vins":0,"wds_primary_product_brand":0,"wds_primary_product_cat":0},"categorie-nos-vins":[],"product_brand":[],"product_cat":[214],"product_tag":[],"class_list":{"0":"post-6597","1":"product","2":"type-product","3":"status-publish","4":"has-post-thumbnail","6":"product_cat-cuvees-prestiges-en","8":"first","9":"instock","10":"taxable","11":"shipping-taxable","12":"purchasable","13":"product-type-simple"},"acf":[],"_links":{"self":[{"href":"https:\/\/veuveambal.com\/en\/wp-json\/wp\/v2\/product\/6597","targetHints":{"allow":["GET"]}}],"collection":[{"href":"https:\/\/veuveambal.com\/en\/wp-json\/wp\/v2\/product"}],"about":[{"href":"https:\/\/veuveambal.com\/en\/wp-json\/wp\/v2\/types\/product"}],"wp:featuredmedia":[{"embeddable":true,"href":"https:\/\/veuveambal.com\/en\/wp-json\/wp\/v2\/media\/10915"}],"wp:attachment":[{"href":"https:\/\/veuveambal.com\/en\/wp-json\/wp\/v2\/media?parent=6597"}],"wp:term":[{"taxonomy":"categorie-nos-vins","embeddable":true,"href":"https:\/\/veuveambal.com\/en\/wp-json\/wp\/v2\/categorie-nos-vins?post=6597"},{"taxonomy":"product_brand","embeddable":true,"href":"https:\/\/veuveambal.com\/en\/wp-json\/wp\/v2\/product_brand?post=6597"},{"taxonomy":"product_cat","embeddable":true,"href":"https:\/\/veuveambal.com\/en\/wp-json\/wp\/v2\/product_cat?post=6597"},{"taxonomy":"product_tag","embeddable":true,"href":"https:\/\/veuveambal.com\/en\/wp-json\/wp\/v2\/product_tag?post=6597"}],"curies":[{"name":"wp","href":"https:\/\/api.w.org\/{rel}","templated":true}]}}