{"id":6587,"date":"2025-03-27T10:33:52","date_gmt":"2025-03-27T09:33:52","guid":{"rendered":"https:\/\/veuveambal.iotasolutions.fr\/boutique\/cuvee-prestige-rose-brut\/"},"modified":"2025-06-27T10:58:57","modified_gmt":"2025-06-27T08:58:57","slug":"cuvee-prestige-rose-brut","status":"publish","type":"product","link":"https:\/\/veuveambal.com\/en\/boutique\/cuvee-prestige-rose-brut\/","title":{"rendered":"Cuv\u00e9e Prestige Ros\u00e9 Brut"},"content":{"rendered":"<p>Our Cuv\u00e9e Prestige Ros\u00e9 Brut is a masterful blend of Chardonnay and Pinot Noir grapes from Burgundy&#8217;s clay-limestone terroirs. Slow, meticulous pressing of the first presses, preceded by entirely manual harvesting, captures the pure essence of the fruit. Malolactic fermentation in stainless steel vats sculpts the wine&#8217;s remarkably precise structure. Aged for 24 to 36 months on lees in our cellars, this cr\u00e9mant reveals an effervescence of rare elegance, intertwining luscious aromas of raspberry and wild strawberry, with a vibrantly fresh finish.   <\/p>\n","protected":false},"excerpt":{"rendered":"<p>Our Cuv\u00e9e Prestige Ros\u00e9 Brut is a masterful blend of Chardonnay and Pinot Noir grapes from Burgundy&#8217;s clay-limestone terroirs. Slow, meticulous pressing of the first presses, preceded by entirely manual harvesting, captures the pure essence of the fruit. Malolactic fermentation in stainless steel vats sculpts the wine&#8217;s remarkably precise structure. Aged for 24 to 36 &#8230; <a title=\"Cuv\u00e9e Prestige Ros\u00e9 Brut\" class=\"read-more\" href=\"https:\/\/veuveambal.com\/en\/boutique\/cuvee-prestige-rose-brut\/\" aria-label=\"Read more about Cuv\u00e9e Prestige Ros\u00e9 Brut\">Read more<\/a><\/p>\n","protected":false},"featured_media":4178,"template":"","meta":{"_acf_changed":false,"wds_primary_categorie-nos-vins":0,"wds_primary_product_brand":0,"wds_primary_product_cat":0},"categorie-nos-vins":[],"product_brand":[],"product_cat":[214],"product_tag":[],"class_list":{"0":"post-6587","1":"product","2":"type-product","3":"status-publish","4":"has-post-thumbnail","6":"product_cat-cuvees-prestiges-en","8":"first","9":"instock","10":"featured","11":"taxable","12":"shipping-taxable","13":"purchasable","14":"product-type-simple"},"acf":[],"_links":{"self":[{"href":"https:\/\/veuveambal.com\/en\/wp-json\/wp\/v2\/product\/6587","targetHints":{"allow":["GET"]}}],"collection":[{"href":"https:\/\/veuveambal.com\/en\/wp-json\/wp\/v2\/product"}],"about":[{"href":"https:\/\/veuveambal.com\/en\/wp-json\/wp\/v2\/types\/product"}],"wp:featuredmedia":[{"embeddable":true,"href":"https:\/\/veuveambal.com\/en\/wp-json\/wp\/v2\/media\/4178"}],"wp:attachment":[{"href":"https:\/\/veuveambal.com\/en\/wp-json\/wp\/v2\/media?parent=6587"}],"wp:term":[{"taxonomy":"categorie-nos-vins","embeddable":true,"href":"https:\/\/veuveambal.com\/en\/wp-json\/wp\/v2\/categorie-nos-vins?post=6587"},{"taxonomy":"product_brand","embeddable":true,"href":"https:\/\/veuveambal.com\/en\/wp-json\/wp\/v2\/product_brand?post=6587"},{"taxonomy":"product_cat","embeddable":true,"href":"https:\/\/veuveambal.com\/en\/wp-json\/wp\/v2\/product_cat?post=6587"},{"taxonomy":"product_tag","embeddable":true,"href":"https:\/\/veuveambal.com\/en\/wp-json\/wp\/v2\/product_tag?post=6587"}],"curies":[{"name":"wp","href":"https:\/\/api.w.org\/{rel}","templated":true}]}}