{"id":11078,"date":"2026-04-21T13:25:35","date_gmt":"2026-04-21T11:25:35","guid":{"rendered":"https:\/\/veuveambal.com\/boutique\/edition-limitee-beaux-arts-vigne-rose-brut\/"},"modified":"2026-04-21T13:42:58","modified_gmt":"2026-04-21T11:42:58","slug":"edition-limitee-beaux-arts-vigne-rose-brut","status":"publish","type":"product","link":"https:\/\/veuveambal.com\/en\/boutique\/edition-limitee-beaux-arts-vigne-rose-brut\/","title":{"rendered":"Limited edition Beaux-Arts Vigne Ros\u00e9 Brut"},"content":{"rendered":"<p>The result of a competition organized with students from the \u00c9cole des Beaux-Arts de Beaune, this collection showcases the 4 winning designs &#8211; in this case by Elina &#8211; selected by a jury of art professors, wine professionals and a design agency. It reflects the Group&#8217;s commitment to local cultural life, while offering expressive, contemporary visuals that revive traditional codes. <\/p>\n<p>This Cr\u00e9mant de Bourgogne ros\u00e9 brut features a vine with supple, organic lines, illustrating the movement and vitality of plants. Ideal for an ap\u00e9ritif d\u00eenatoire or a spring picnic with friends, this ros\u00e9 is a fresh accompaniment to all moments of sharing. <\/p>\n","protected":false},"excerpt":{"rendered":"<p>The result of a competition organized with students from the \u00c9cole des Beaux-Arts de Beaune, this collection showcases the 4 winning designs &#8211; in this case by Elina &#8211; selected by a jury of art professors, wine professionals and a design agency. It reflects the Group&#8217;s commitment to local cultural life, while offering expressive, contemporary &#8230; <a title=\"Limited edition Beaux-Arts Vigne Ros\u00e9 Brut\" class=\"read-more\" href=\"https:\/\/veuveambal.com\/en\/boutique\/edition-limitee-beaux-arts-vigne-rose-brut\/\" aria-label=\"Read more about Limited edition Beaux-Arts Vigne Ros\u00e9 Brut\">Read more<\/a><\/p>\n","protected":false},"featured_media":11077,"template":"","meta":{"_acf_changed":false,"wds_primary_categorie-nos-vins":0,"wds_primary_product_brand":0,"wds_primary_product_cat":0},"categorie-nos-vins":[260],"product_brand":[],"product_cat":[215,227],"product_tag":[],"class_list":{"0":"post-11078","1":"product","2":"type-product","3":"status-publish","4":"has-post-thumbnail","6":"categorie-nos-vins-edition-limitee-en","7":"product_cat-limited-edition","8":"product_cat-our-wines","10":"first","11":"instock","12":"taxable","13":"shipping-taxable","14":"purchasable","15":"product-type-simple"},"acf":[],"_links":{"self":[{"href":"https:\/\/veuveambal.com\/en\/wp-json\/wp\/v2\/product\/11078","targetHints":{"allow":["GET"]}}],"collection":[{"href":"https:\/\/veuveambal.com\/en\/wp-json\/wp\/v2\/product"}],"about":[{"href":"https:\/\/veuveambal.com\/en\/wp-json\/wp\/v2\/types\/product"}],"wp:featuredmedia":[{"embeddable":true,"href":"https:\/\/veuveambal.com\/en\/wp-json\/wp\/v2\/media\/11077"}],"wp:attachment":[{"href":"https:\/\/veuveambal.com\/en\/wp-json\/wp\/v2\/media?parent=11078"}],"wp:term":[{"taxonomy":"categorie-nos-vins","embeddable":true,"href":"https:\/\/veuveambal.com\/en\/wp-json\/wp\/v2\/categorie-nos-vins?post=11078"},{"taxonomy":"product_brand","embeddable":true,"href":"https:\/\/veuveambal.com\/en\/wp-json\/wp\/v2\/product_brand?post=11078"},{"taxonomy":"product_cat","embeddable":true,"href":"https:\/\/veuveambal.com\/en\/wp-json\/wp\/v2\/product_cat?post=11078"},{"taxonomy":"product_tag","embeddable":true,"href":"https:\/\/veuveambal.com\/en\/wp-json\/wp\/v2\/product_tag?post=11078"}],"curies":[{"name":"wp","href":"https:\/\/api.w.org\/{rel}","templated":true}]}}