{"id":10990,"date":"2025-09-11T14:00:45","date_gmt":"2025-09-11T12:00:45","guid":{"rendered":"https:\/\/veuveambal.com\/boutique\/vintage-2015-blanc-brut\/"},"modified":"2026-02-23T16:40:19","modified_gmt":"2026-02-23T15:40:19","slug":"millesime-2015-blanc-brut","status":"publish","type":"product","link":"https:\/\/veuveambal.com\/en\/boutique\/millesime-2015-blanc-brut\/","title":{"rendered":"Vintage 2015 Blanc Brut"},"content":{"rendered":"<p>The 2015 Mill\u00e9sim\u00e9 Blanc Brut embodies the very essence of our house. This Cr\u00e9mant has a golden yellow colour with light amber highlights. The nose is intense and refined, revealing aromas of dried fruit, almonds and hazelnuts, enriched with pastry, brioche and slightly toasted nuances. On the palate, the effervescence is delicate and creamy, offering a beautiful complexity where spicy notes, curry, ripe fruit and butter mingle, echoing the pastry notes on the nose. A surprising cr\u00e9mant, both indulgent and elegant, which pairs beautifully with mushroom risotto, soft cheese or a dessert with dried fruit and spices.<br \/>Translated with DeepL.com (free version)    <\/p>\n","protected":false},"excerpt":{"rendered":"<p>The 2015 Mill\u00e9sim\u00e9 Blanc Brut embodies the very essence of our house. This Cr\u00e9mant has a golden yellow colour with light amber highlights. The nose is intense and refined, revealing aromas of dried fruit, almonds and hazelnuts, enriched with pastry, brioche and slightly toasted nuances. On the palate, the effervescence is delicate and creamy, offering &#8230; <a title=\"Vintage 2015 Blanc Brut\" class=\"read-more\" href=\"https:\/\/veuveambal.com\/en\/boutique\/millesime-2015-blanc-brut\/\" aria-label=\"Read more about Vintage 2015 Blanc Brut\">Read more<\/a><\/p>\n","protected":false},"featured_media":10785,"template":"","meta":{"_acf_changed":false,"wds_primary_categorie-nos-vins":0,"wds_primary_product_brand":0,"wds_primary_product_cat":0},"categorie-nos-vins":[260,254],"product_brand":[],"product_cat":[223,227],"product_tag":[],"class_list":{"0":"post-10990","1":"product","2":"type-product","3":"status-publish","4":"has-post-thumbnail","6":"categorie-nos-vins-edition-limitee-en","7":"categorie-nos-vins-nos-specialites-en","8":"product_cat-nos-specialites-en","9":"product_cat-our-wines","11":"first","12":"instock","13":"taxable","14":"shipping-taxable","15":"purchasable","16":"product-type-simple"},"acf":[],"_links":{"self":[{"href":"https:\/\/veuveambal.com\/en\/wp-json\/wp\/v2\/product\/10990","targetHints":{"allow":["GET"]}}],"collection":[{"href":"https:\/\/veuveambal.com\/en\/wp-json\/wp\/v2\/product"}],"about":[{"href":"https:\/\/veuveambal.com\/en\/wp-json\/wp\/v2\/types\/product"}],"wp:featuredmedia":[{"embeddable":true,"href":"https:\/\/veuveambal.com\/en\/wp-json\/wp\/v2\/media\/10785"}],"wp:attachment":[{"href":"https:\/\/veuveambal.com\/en\/wp-json\/wp\/v2\/media?parent=10990"}],"wp:term":[{"taxonomy":"categorie-nos-vins","embeddable":true,"href":"https:\/\/veuveambal.com\/en\/wp-json\/wp\/v2\/categorie-nos-vins?post=10990"},{"taxonomy":"product_brand","embeddable":true,"href":"https:\/\/veuveambal.com\/en\/wp-json\/wp\/v2\/product_brand?post=10990"},{"taxonomy":"product_cat","embeddable":true,"href":"https:\/\/veuveambal.com\/en\/wp-json\/wp\/v2\/product_cat?post=10990"},{"taxonomy":"product_tag","embeddable":true,"href":"https:\/\/veuveambal.com\/en\/wp-json\/wp\/v2\/product_tag?post=10990"}],"curies":[{"name":"wp","href":"https:\/\/api.w.org\/{rel}","templated":true}]}}