{"id":10987,"date":"2025-09-11T14:31:02","date_gmt":"2025-09-11T12:31:02","guid":{"rendered":"https:\/\/veuveambal.com\/boutique\/mosaiques-extra-brut\/"},"modified":"2025-09-11T14:31:02","modified_gmt":"2025-09-11T12:31:02","slug":"mosaiques-extra-brut","status":"publish","type":"product","link":"https:\/\/veuveambal.com\/en\/boutique\/mosaiques-extra-brut\/","title":{"rendered":"Mosa\u00efques Extra Brut Mill\u00e9sim\u00e9"},"content":{"rendered":"<p>Notre Cr\u00e9mant de Bourgogne <strong>Mosa\u00efques Extra-Brut Mill\u00e9sim\u00e9 2021<\/strong> d\u00e9voile une robe lumineuse et brillante. Le nez marie avec finesse des notes florales et brioch\u00e9es, que l\u2019on retrouve en bouche dans une belle harmonie. L\u2019effervescence fine apporte fra\u00eecheur et \u00e9l\u00e9gance, soutenue par une finale \u00e9quilibr\u00e9e et persistante. Un compagnon raffin\u00e9 et convivial, parfait pour l\u2019ap\u00e9ritif.<\/p>\n","protected":false},"excerpt":{"rendered":"<p>Notre Cr\u00e9mant de Bourgogne Mosa\u00efques Extra-Brut Mill\u00e9sim\u00e9 2021 d\u00e9voile une robe lumineuse et brillante. Le nez marie avec finesse des notes florales et brioch\u00e9es, que l\u2019on retrouve en bouche dans une belle harmonie. L\u2019effervescence fine apporte fra\u00eecheur et \u00e9l\u00e9gance, soutenue par une finale \u00e9quilibr\u00e9e et persistante. Un compagnon raffin\u00e9 et convivial, parfait pour l\u2019ap\u00e9ritif.<\/p>\n","protected":false},"featured_media":10788,"template":"","meta":{"_acf_changed":false,"wds_primary_categorie-nos-vins":0,"wds_primary_product_brand":0,"wds_primary_product_cat":0},"categorie-nos-vins":[],"product_brand":[],"product_cat":[223],"product_tag":[],"class_list":{"0":"post-10987","1":"product","2":"type-product","3":"status-publish","4":"has-post-thumbnail","6":"product_cat-nos-specialites-en","8":"first","9":"instock","10":"taxable","11":"shipping-taxable","12":"product-type-simple"},"acf":[],"_links":{"self":[{"href":"https:\/\/veuveambal.com\/en\/wp-json\/wp\/v2\/product\/10987","targetHints":{"allow":["GET"]}}],"collection":[{"href":"https:\/\/veuveambal.com\/en\/wp-json\/wp\/v2\/product"}],"about":[{"href":"https:\/\/veuveambal.com\/en\/wp-json\/wp\/v2\/types\/product"}],"wp:featuredmedia":[{"embeddable":true,"href":"https:\/\/veuveambal.com\/en\/wp-json\/wp\/v2\/media\/10788"}],"wp:attachment":[{"href":"https:\/\/veuveambal.com\/en\/wp-json\/wp\/v2\/media?parent=10987"}],"wp:term":[{"taxonomy":"categorie-nos-vins","embeddable":true,"href":"https:\/\/veuveambal.com\/en\/wp-json\/wp\/v2\/categorie-nos-vins?post=10987"},{"taxonomy":"product_brand","embeddable":true,"href":"https:\/\/veuveambal.com\/en\/wp-json\/wp\/v2\/product_brand?post=10987"},{"taxonomy":"product_cat","embeddable":true,"href":"https:\/\/veuveambal.com\/en\/wp-json\/wp\/v2\/product_cat?post=10987"},{"taxonomy":"product_tag","embeddable":true,"href":"https:\/\/veuveambal.com\/en\/wp-json\/wp\/v2\/product_tag?post=10987"}],"curies":[{"name":"wp","href":"https:\/\/api.w.org\/{rel}","templated":true}]}}