{"id":10135,"date":"2025-05-28T15:15:13","date_gmt":"2025-05-28T13:15:13","guid":{"rendered":"https:\/\/veuveambal.com\/boutique\/millesime-2022-rose-brut\/"},"modified":"2025-05-28T15:15:13","modified_gmt":"2025-05-28T13:15:13","slug":"millesime-2022-rose-brut","status":"publish","type":"product","link":"https:\/\/veuveambal.com\/en\/boutique\/millesime-2022-rose-brut\/","title":{"rendered":"Mill\u00e9sim\u00e9 2022 Ros\u00e9 Brut"},"content":{"rendered":"<p>Our Cr\u00e9mant de Bourgogne <strong data-start=\"278\" data-end=\"301\">Mill\u00e9sim\u00e9 Ros\u00e9<\/strong> <strong>Brut 2022<\/strong> is a well-balanced, fruity and accessible cuv\u00e9e, designed to embody the gourmandise of ros\u00e9 without excess. In our range, it offers a fresh, crisp profile, ideal for those looking for a ros\u00e9 with character, both lively and convivial. A Cr\u00e9mant de Bourgogne Ros\u00e9 to share on any occasion, with a relaxed aperitif or a simple, tasty meal.  <\/p>\n","protected":false},"excerpt":{"rendered":"<p>Our Cr\u00e9mant de Bourgogne Mill\u00e9sim\u00e9 Ros\u00e9 Brut 2022 is a well-balanced, fruity and accessible cuv\u00e9e, designed to embody the gourmandise of ros\u00e9 without excess. In our range, it offers a fresh, crisp profile, ideal for those looking for a ros\u00e9 with character, both lively and convivial. A Cr\u00e9mant de Bourgogne Ros\u00e9 to share on any &#8230; <a title=\"Mill\u00e9sim\u00e9 2022 Ros\u00e9 Brut\" class=\"read-more\" href=\"https:\/\/veuveambal.com\/en\/boutique\/millesime-2022-rose-brut\/\" aria-label=\"Read more about Mill\u00e9sim\u00e9 2022 Ros\u00e9 Brut\">Read more<\/a><\/p>\n","protected":false},"featured_media":10134,"template":"","meta":{"_acf_changed":false,"wds_primary_categorie-nos-vins":0,"wds_primary_product_brand":0,"wds_primary_product_cat":0},"categorie-nos-vins":[],"product_brand":[],"product_cat":[227],"product_tag":[],"class_list":{"0":"post-10135","1":"product","2":"type-product","3":"status-publish","4":"has-post-thumbnail","6":"product_cat-our-wines","8":"first","9":"outofstock","10":"taxable","11":"shipping-taxable","12":"product-type-simple"},"acf":[],"_links":{"self":[{"href":"https:\/\/veuveambal.com\/en\/wp-json\/wp\/v2\/product\/10135","targetHints":{"allow":["GET"]}}],"collection":[{"href":"https:\/\/veuveambal.com\/en\/wp-json\/wp\/v2\/product"}],"about":[{"href":"https:\/\/veuveambal.com\/en\/wp-json\/wp\/v2\/types\/product"}],"wp:featuredmedia":[{"embeddable":true,"href":"https:\/\/veuveambal.com\/en\/wp-json\/wp\/v2\/media\/10134"}],"wp:attachment":[{"href":"https:\/\/veuveambal.com\/en\/wp-json\/wp\/v2\/media?parent=10135"}],"wp:term":[{"taxonomy":"categorie-nos-vins","embeddable":true,"href":"https:\/\/veuveambal.com\/en\/wp-json\/wp\/v2\/categorie-nos-vins?post=10135"},{"taxonomy":"product_brand","embeddable":true,"href":"https:\/\/veuveambal.com\/en\/wp-json\/wp\/v2\/product_brand?post=10135"},{"taxonomy":"product_cat","embeddable":true,"href":"https:\/\/veuveambal.com\/en\/wp-json\/wp\/v2\/product_cat?post=10135"},{"taxonomy":"product_tag","embeddable":true,"href":"https:\/\/veuveambal.com\/en\/wp-json\/wp\/v2\/product_tag?post=10135"}],"curies":[{"name":"wp","href":"https:\/\/api.w.org\/{rel}","templated":true}]}}