{"id":10121,"date":"2025-06-26T11:30:30","date_gmt":"2025-06-26T09:30:30","guid":{"rendered":"https:\/\/veuveambal.com\/?post_type=product&#038;p=10121"},"modified":"2025-06-27T10:45:51","modified_gmt":"2025-06-27T08:45:51","slug":"premieres-fleurs-rose-brut-copie","status":"publish","type":"product","link":"https:\/\/veuveambal.com\/en\/boutique\/premieres-fleurs-rose-brut-copie\/","title":{"rendered":"ROS\u00c9 D&#8217;\u00c9T\u00c9 brut"},"content":{"rendered":"<p data-start=\"120\" data-end=\"437\">Our Cr\u00e9mant de Bourgogne ROS\u00c9 D&#8217;\u00c9T\u00c9 brut is an eye-catcher, even before it&#8217;s uncorked, with its brightly colored floral packaging. The bottle is adorned with a summery, artistic design, combining poppies, irises and hand-painted colorful lines.<\/p>\n<p data-start=\"439\" data-end=\"730\">Inside, a fresh, fruity and well-balanced cuv\u00e9e, designed to embody the gourmandise of ros\u00e9 without excess. Its crisp mouthfeel and approachable profile make it the perfect companion for simple moments: an impromptu aperitif, lunch on the terrace or a picnic with friends.<\/p>\n<p data-start=\"732\" data-end=\"830\">A sparkling, cheerful, convivial ros\u00e9 that&#8217;s as easy on the eyes as it is on the palate.<\/p>\n","protected":false},"excerpt":{"rendered":"<p>Our Cr\u00e9mant de Bourgogne ROS\u00c9 D&#8217;\u00c9T\u00c9 brut is an eye-catcher, even before it&#8217;s uncorked, with its brightly colored floral packaging. The bottle is adorned with a summery, artistic design, combining poppies, irises and hand-painted colorful lines. Inside, a fresh, fruity and well-balanced cuv\u00e9e, designed to embody the gourmandise of ros\u00e9 without excess. Its crisp mouthfeel &#8230; <a title=\"ROS\u00c9 D&#8217;\u00c9T\u00c9 brut\" class=\"read-more\" href=\"https:\/\/veuveambal.com\/en\/boutique\/premieres-fleurs-rose-brut-copie\/\" aria-label=\"Read more about ROS\u00c9 D&#8217;\u00c9T\u00c9 brut\">Read more<\/a><\/p>\n","protected":false},"featured_media":10123,"template":"","meta":{"_acf_changed":false,"wds_primary_categorie-nos-vins":0,"wds_primary_product_brand":0,"wds_primary_product_cat":0},"categorie-nos-vins":[],"product_brand":[],"product_cat":[215,227],"product_tag":[],"class_list":{"0":"post-10121","1":"product","2":"type-product","3":"status-publish","4":"has-post-thumbnail","6":"product_cat-limited-edition","7":"product_cat-our-wines","9":"first","10":"instock","11":"taxable","12":"shipping-taxable","13":"purchasable","14":"product-type-simple"},"acf":[],"_links":{"self":[{"href":"https:\/\/veuveambal.com\/en\/wp-json\/wp\/v2\/product\/10121","targetHints":{"allow":["GET"]}}],"collection":[{"href":"https:\/\/veuveambal.com\/en\/wp-json\/wp\/v2\/product"}],"about":[{"href":"https:\/\/veuveambal.com\/en\/wp-json\/wp\/v2\/types\/product"}],"wp:featuredmedia":[{"embeddable":true,"href":"https:\/\/veuveambal.com\/en\/wp-json\/wp\/v2\/media\/10123"}],"wp:attachment":[{"href":"https:\/\/veuveambal.com\/en\/wp-json\/wp\/v2\/media?parent=10121"}],"wp:term":[{"taxonomy":"categorie-nos-vins","embeddable":true,"href":"https:\/\/veuveambal.com\/en\/wp-json\/wp\/v2\/categorie-nos-vins?post=10121"},{"taxonomy":"product_brand","embeddable":true,"href":"https:\/\/veuveambal.com\/en\/wp-json\/wp\/v2\/product_brand?post=10121"},{"taxonomy":"product_cat","embeddable":true,"href":"https:\/\/veuveambal.com\/en\/wp-json\/wp\/v2\/product_cat?post=10121"},{"taxonomy":"product_tag","embeddable":true,"href":"https:\/\/veuveambal.com\/en\/wp-json\/wp\/v2\/product_tag?post=10121"}],"curies":[{"name":"wp","href":"https:\/\/api.w.org\/{rel}","templated":true}]}}